{"id":1038,"date":"2019-01-31T19:34:48","date_gmt":"2019-01-31T22:34:48","guid":{"rendered":"https:\/\/isp24-sfe.infd.edu.ar\/sitio\/?page_id=1038"},"modified":"2025-12-23T20:54:57","modified_gmt":"2025-12-23T23:54:57","slug":"https-isp24-sfe-infd-edu-ar-sitio-wp-content-uploads-2019-10-mesas-nov-div-2019-definitivas-1-pdf","status":"publish","type":"page","link":"https:\/\/isp24-sfe.infd.edu.ar\/sitio\/https-isp24-sfe-infd-edu-ar-sitio-wp-content-uploads-2019-10-mesas-nov-div-2019-definitivas-1-pdf\/","title":{"rendered":"CALENDARIO DE MESAS DE EX\u00c1MENES FINALES"},"content":{"rendered":"<h2 style=\"text-align: center;\"><strong><u>MESAS DE EXAMENES FINALES 1\u00ba<\/u><\/strong><\/h2>\n<h2 style=\"text-align: center;\"><strong><u>TURNO FEBRERO\/MARZO 2026<\/u><\/strong><\/h2>\n<ul>\n<li>\n<h5><strong><a href=\"https:\/\/drive.google.com\/file\/d\/1jSG_0yTla46DgmP6eW2z5yu29sQOOnLW\/view?usp=sharing\">Cronograma de mesas de Ex\u00e1menes Profesorado de Primaria (Turno Tarde)<\/a><\/strong><\/h5>\n<\/li>\n<li>\n<h5><strong><a href=\"https:\/\/drive.google.com\/file\/d\/1jdD0rgVAX6ZS0VU-lPGVkxkntxqoHP2N\/view?usp=sharing\">Cronograma de mesas de Ex\u00e1menes Profesorado (Turno Vespertino)<\/a><\/strong><\/h5>\n<\/li>\n<li>\n<h5><strong><a href=\"https:\/\/drive.google.com\/file\/d\/11ZlmYCmqzjBJgwIFoMtSsBn7m1Xu8iu8\/view?usp=sharing\">Cronograma de mesas de Ex\u00e1menes Tecnicaturas (Sede)<\/a><\/strong><\/h5>\n<\/li>\n<li>\n<h5><a href=\"https:\/\/drive.google.com\/file\/d\/1dAX1HAJKgifHjY6UmaIqAYBfJRhccq3D\/view?usp=sharing\">Cronograma de mesas de Ex\u00e1menes Tecnicatura (Cab\u00edn)<\/a><\/h5>\n<\/li>\n<\/ul>\n<h2>\u00a0<\/h2>\n<h2>\u00a0<\/h2>\n<h2 style=\"text-align: center;\"><strong><u><span style=\"color: #0000ff;\">MESAS DE EXAMENES FINALES 3\u00ba<\/span><\/u><\/strong><strong><u><span style=\"color: #ff0000;\"><span style=\"color: #0000ff;\">TURNO<\/span><\/span><\/u><\/strong><\/h2>\n<h2 style=\"text-align: center;\"><strong><u><span style=\"color: #ff0000;\"> <span style=\"color: #0000ff;\">NOVIEMBRE\/DICIEMBRE 2025<\/span><\/span><\/u><\/strong><\/h2>\n<ul>\n<li><strong>\u00a0<a href=\"https:\/\/drive.google.com\/file\/d\/1BF1ujCMJy_8OsmBsBEn8zCA07BQaZnoP\/view?usp=sharing\">Cronograma de mesas de ex\u00e1menes primer turno 2025 (Cab\u00edn)\u00a0<\/a><\/strong><\/li>\n<li><a href=\"https:\/\/drive.google.com\/file\/d\/1Kz1d8_qDUnzL3SMuVbVazet0nczdmz1Q\/view?usp=sharing\">Cronogramas de mesas de ex\u00e1menes tercer turno 2025 Tecnicaturas (Sede)<\/a><\/li>\n<li><a href=\"https:\/\/drive.google.com\/file\/d\/1P0djmdSdr6t8LjXgsRmVR2QNgkih5DTc\/view?usp=sharing\">Cronograma de mesas de ex\u00e1menes tercer turno 2025 Profesorado de Educaci\u00f3n Primaria (Turno Tarde)<\/a><\/li>\n<li><a href=\"https:\/\/drive.google.com\/file\/d\/1L3MzTYENxQhmPhtYWnQmiXjQXmbCxKjt\/view?usp=sharing\">Cronograma de mesas de ex\u00e1menes tercer turno 2025 Profesorados (Turno Vespertino)<\/a><\/li>\n<\/ul>\n\n\n<p><\/p>\n\n\n<hr>\n<h2 style=\"text-align: center;\"><span style=\"color: #ff0000;\"><strong><u>MESAS DE EXAMENES FINALES 1\u00ba <\/u><\/strong><\/span><\/h2>\n<h2 style=\"text-align: center;\"><span style=\"color: #ff0000;\"><strong><u>TURNO FEBRERO\/MARZO 2025<\/u><\/strong><\/span><\/h2>\n<ul>\n<li>\n<h5><a href=\"https:\/\/drive.google.com\/file\/d\/1IDUSJoDuoB2SippnoYVtjLBv5ObXftVL\/view?usp=sharing\"><strong>Cronograma de mesas de ex\u00e1menes primer turno 2025 Profesorado de Educaci\u00f3n Primaria (Turno Tarde)<\/strong><\/a><\/h5>\n<\/li>\n<li>\n<h5><a href=\"https:\/\/drive.google.com\/file\/d\/1PkSHsd9zyFlrAMDPED9UCLT5j4XCs5Il\/view?usp=sharing\"><strong>Cronograma de mesas de ex\u00e1menes primer turno 2025 Profesorados&nbsp; (Turno Vespertino)<\/strong><\/a><\/h5>\n<\/li>\n<li>\n<h5><a href=\"https:\/\/drive.google.com\/file\/d\/1VOOKnXkY0IIl5wWPGg-BvqoFbnmPsMMq\/view?usp=sharing\"><strong>Cronogramas de mesas de ex\u00e1menes primer turno 2025 Tecnicaturas (Sede)<\/strong><\/a><\/h5>\n<\/li>\n<li>\n<h5><a href=\"https:\/\/drive.google.com\/file\/d\/1eyBY6x-LWmZnPO0nRvB1laP0ApbOvk64\/view?usp=sharing\">Cronograma de mesas de ex\u00e1menes primer turno 2025 (Cabin)<\/a><\/h5>\n<\/li>\n<\/ul>\n<h1>&nbsp;<\/h1>\n<h1 style=\"text-align: center;\"><u>Mesas de Ex\u00e1menes Noviembre\/ Diciembre 2024<\/u><\/h1>\n<h2><a href=\"https:\/\/drive.google.com\/file\/d\/1fFIYxDYfdBTrN1gCISw5x9HvdeOuBziN\/view?usp=sharing\">Profesorados Turno Vespertino<\/a><\/h2>\n<h2><a href=\"https:\/\/drive.google.com\/file\/d\/1vv8hNUzP1Yr-YbWD8K9trTuR3If1HQp-\/view?usp=sharing\">Profesorado Turno Tarde<\/a><\/h2>\n<h2><a href=\"https:\/\/drive.google.com\/file\/d\/1grYmwczY_pWojT8j9jaEnniW5IAEsFGZ\/view?usp=sharing\">Tecnicaturas Sede V.G.G.<\/a><\/h2>\n<h2><a href=\"https:\/\/drive.google.com\/file\/d\/1ZEboKtgpotFZNtsTSmmsegny5zlMPVNH\/view?usp=sharing\">Tecnicatura Cab\u00edn- P\u00e9rez<\/a><\/h2>\n<p><\/p>\n<h4>Estudiantes:&nbsp;<\/h4>\n<h2 style=\"text-align: center;\"><span style=\"color: #ff0000;\">Verificar modificaciones en las siguientes unidades curriculares:&nbsp;<\/span><\/h2>\n<ul>\n<li>\n<h3>T.S.R.H &#8211; Taller I: 28\/11\/2024 &#8211; 12\/12\/2024<\/h3>\n<\/li>\n<li>\n<h3>P.E.T -Taller I: 27\/11\/2024 -11\/12\/2024<\/h3>\n<\/li>\n<li>\n<h3>T.S.H.S: Ingles I &#8211; Primero \u00abC\u00bb&nbsp; 29\/11\/2024 &#8211; 18\/12\/2024<\/h3>\n<\/li>\n<li>\n<h3>P.E.P&nbsp; T.V: Resoluci\u00f3n de Problemas y Creatividad&nbsp; 26\/11 y 10\/12<\/h3>\n<\/li>\n<\/ul>\n<h2>5\/12\/2024<\/h2>\n<h2><span style=\"color: #ff0000;\">ATENCI\u00d2N: MODIFICACI\u00d2N DE SEGUNDO LLAMADO&nbsp;<\/span><\/h2>\n<ul>\n<li>\n<h3>T.S.H.S: An\u00e1lisis Matem\u00e1tico de 2 \u00abA\u00bb-\u00abB\u00bb-C\u00bb,&nbsp; la mesa correspondiente al segundo llamado pasa del d\u00eda 12\/12\/2024 al 18\/12\/2024.<\/h3>\n<\/li>\n<\/ul>\n<h4>&nbsp;<\/h4>\n<p><\/p>\n<h4>&nbsp;<\/h4>\n<h4>&nbsp;<\/h4>\n<h4>&nbsp;<\/h4>\n<p><\/p>\n\n\n<div class=\"wp-block-group is-layout-constrained\"><div class=\"wp-block-group__inner-container\"><\/div><\/div>\n","protected":false},"excerpt":{"rendered":"<p>MESAS DE EXAMENES FINALES 1\u00ba TURNO FEBRERO\/MARZO 2026 Cronograma de mesas de Ex\u00e1menes Profesorado de Primaria (Turno Tarde) Cronograma de mesas de Ex\u00e1menes Profesorado (Turno Vespertino) Cronograma de mesas de Ex\u00e1menes Tecnicaturas (Sede) Cronograma de mesas de Ex\u00e1menes Tecnicatura (Cab\u00edn) \u00a0 \u00a0 MESAS DE EXAMENES FINALES 3\u00baTURNO NOVIEMBRE\/DICIEMBRE 2025 \u00a0Cronograma de mesas de ex\u00e1menes primer &#8230; <a title=\"CALENDARIO DE MESAS DE EX\u00c1MENES FINALES\" class=\"read-more\" href=\"https:\/\/isp24-sfe.infd.edu.ar\/sitio\/https-isp24-sfe-infd-edu-ar-sitio-wp-content-uploads-2019-10-mesas-nov-div-2019-definitivas-1-pdf\/\" aria-label=\"More on CALENDARIO DE MESAS DE EX\u00c1MENES FINALES\">[+]<\/a><\/p>\n","protected":false},"author":101,"featured_media":0,"parent":0,"menu_order":0,"comment_status":"closed","ping_status":"closed","template":"","meta":[],"acf":[],"_links":{"self":[{"href":"https:\/\/isp24-sfe.infd.edu.ar\/sitio\/wp-json\/wp\/v2\/pages\/1038"}],"collection":[{"href":"https:\/\/isp24-sfe.infd.edu.ar\/sitio\/wp-json\/wp\/v2\/pages"}],"about":[{"href":"https:\/\/isp24-sfe.infd.edu.ar\/sitio\/wp-json\/wp\/v2\/types\/page"}],"author":[{"embeddable":true,"href":"https:\/\/isp24-sfe.infd.edu.ar\/sitio\/wp-json\/wp\/v2\/users\/101"}],"replies":[{"embeddable":true,"href":"https:\/\/isp24-sfe.infd.edu.ar\/sitio\/wp-json\/wp\/v2\/comments?post=1038"}],"version-history":[{"count":113,"href":"https:\/\/isp24-sfe.infd.edu.ar\/sitio\/wp-json\/wp\/v2\/pages\/1038\/revisions"}],"predecessor-version":[{"id":3481,"href":"https:\/\/isp24-sfe.infd.edu.ar\/sitio\/wp-json\/wp\/v2\/pages\/1038\/revisions\/3481"}],"wp:attachment":[{"href":"https:\/\/isp24-sfe.infd.edu.ar\/sitio\/wp-json\/wp\/v2\/media?parent=1038"}],"curies":[{"name":"wp","href":"https:\/\/api.w.org\/{rel}","templated":true}]}}