{"id":1268,"date":"2019-12-09T10:13:11","date_gmt":"2019-12-09T13:13:11","guid":{"rendered":"https:\/\/isp24-sfe.infd.edu.ar\/sitio\/?page_id=1268"},"modified":"2025-06-04T19:22:35","modified_gmt":"2025-06-04T22:22:35","slug":"oferta-educativa","status":"publish","type":"page","link":"https:\/\/isp24-sfe.infd.edu.ar\/sitio\/oferta-educativa\/","title":{"rendered":"CARRERAS"},"content":{"rendered":"<p><a href=\"https:\/\/sites.google.com\/view\/educinicial\/?usp=sharing\" target=\"_blank\" rel=\"noopener\">EDUCACI\u00d3N INICIAL<\/a><\/p>\n<p><a href=\"https:\/\/sites.google.com\/view\/educprimaria\/?usp=sharing\" target=\"_blank\" rel=\"noopener\">EDUCACI\u00d3N PRIMARIA<\/a><\/p>\n<p><a href=\"https:\/\/sites.google.com\/view\/pagdeeductecnologica?usp=sharing\" target=\"_blank\" rel=\"noopener\">EDUCACI\u00d3N TECNOL\u00d3GICA<\/a><\/p>\n<p><a href=\"https:\/\/sites.google.com\/view\/tecnicatura-superior-en-gestin\/?usp=sharing\" target=\"_blank\" rel=\"noopener\">GESTI\u00d3N DE LAS ORGANIZACIONES<\/a><\/p>\n<p><a href=\"https:\/\/sites.google.com\/view\/enlogistica\/novedades\" target=\"_blank\" rel=\"noopener\">LOG\u00cdSTICA<\/a><\/p>\n<p><a href=\"https:\/\/sites.google.com\/view\/higiene-y-seguridad-en-el-trab\/novedades\" target=\"_blank\" rel=\"noopener\">HIGIENE Y SEGURIDAD EN EL TRABAJO<\/a><\/p>\n<p><a href=\"https:\/\/sites.google.com\/view\/enalimentos\/novedades\" target=\"_blank\" rel=\"noopener\">ALIMENTOS<\/a><\/p>\n<p><a href=\"https:\/\/sites.google.com\/view\/rrhh24\/novedades\" target=\"_blank\" rel=\"noopener\">RECURSOS HUMANOS<\/a><\/p>\n","protected":false},"excerpt":{"rendered":"<p>EDUCACI\u00d3N INICIAL EDUCACI\u00d3N PRIMARIA EDUCACI\u00d3N TECNOL\u00d3GICA GESTI\u00d3N DE LAS ORGANIZACIONES LOG\u00cdSTICA HIGIENE Y SEGURIDAD EN EL TRABAJO ALIMENTOS RECURSOS HUMANOS<\/p>\n","protected":false},"author":101,"featured_media":0,"parent":0,"menu_order":0,"comment_status":"closed","ping_status":"closed","template":"","meta":[],"acf":[],"_links":{"self":[{"href":"https:\/\/isp24-sfe.infd.edu.ar\/sitio\/wp-json\/wp\/v2\/pages\/1268"}],"collection":[{"href":"https:\/\/isp24-sfe.infd.edu.ar\/sitio\/wp-json\/wp\/v2\/pages"}],"about":[{"href":"https:\/\/isp24-sfe.infd.edu.ar\/sitio\/wp-json\/wp\/v2\/types\/page"}],"author":[{"embeddable":true,"href":"https:\/\/isp24-sfe.infd.edu.ar\/sitio\/wp-json\/wp\/v2\/users\/101"}],"replies":[{"embeddable":true,"href":"https:\/\/isp24-sfe.infd.edu.ar\/sitio\/wp-json\/wp\/v2\/comments?post=1268"}],"version-history":[{"count":11,"href":"https:\/\/isp24-sfe.infd.edu.ar\/sitio\/wp-json\/wp\/v2\/pages\/1268\/revisions"}],"predecessor-version":[{"id":3296,"href":"https:\/\/isp24-sfe.infd.edu.ar\/sitio\/wp-json\/wp\/v2\/pages\/1268\/revisions\/3296"}],"wp:attachment":[{"href":"https:\/\/isp24-sfe.infd.edu.ar\/sitio\/wp-json\/wp\/v2\/media?parent=1268"}],"curies":[{"name":"wp","href":"https:\/\/api.w.org\/{rel}","templated":true}]}}