{"id":1363,"date":"2020-03-31T18:57:48","date_gmt":"2020-03-31T21:57:48","guid":{"rendered":"https:\/\/isp24-sfe.infd.edu.ar\/sitio\/?page_id=1363"},"modified":"2021-03-10T14:15:36","modified_gmt":"2021-03-10T17:15:36","slug":"propedeuticos","status":"publish","type":"page","link":"https:\/\/isp24-sfe.infd.edu.ar\/sitio\/propedeuticos\/","title":{"rendered":"PROPED\u00c9UTICOS"},"content":{"rendered":"<p>CURSO PROPED\u00c9UTICO DE INICIAL<\/p>\n<p>CURSO PROPED\u00c9UTICO DE PRIMARIA<\/p>\n<p>CURSO PROPED\u00c9UTICO DE EDUCACI\u00d3N TECNOL\u00d3GICA<\/p>\n<p>CURSO PROPED\u00c9UTICO DE LAS ORGANIZACIONES<\/p>\n<p>CURSO PROPED\u00c9UTICO DE LOG\u00cdSTICA<\/p>\n<p>CURSO PROPED\u00c9UTICO DE ALIMENTOS<\/p>\n<p><a href=\"https:\/\/isp24-sfe.infd.edu.ar\/aula\/catalogo.cgi?wAccion=oferta_view&amp;oferta_id=1\" target=\"_blank\" rel=\"noopener\">CURSO PROPED\u00c9UTICO DE RECURSOS HUMANOS<\/a><\/p>\n<p>CURSO PROPED\u00c9UTICO DE HIGIENE Y SEGURIDAD EN EL TRABAJO<\/p>\n","protected":false},"excerpt":{"rendered":"<p>CURSO PROPED\u00c9UTICO DE INICIAL CURSO PROPED\u00c9UTICO DE PRIMARIA CURSO PROPED\u00c9UTICO DE EDUCACI\u00d3N TECNOL\u00d3GICA CURSO PROPED\u00c9UTICO DE LAS ORGANIZACIONES CURSO PROPED\u00c9UTICO DE LOG\u00cdSTICA CURSO PROPED\u00c9UTICO DE ALIMENTOS CURSO PROPED\u00c9UTICO DE RECURSOS HUMANOS CURSO PROPED\u00c9UTICO DE HIGIENE Y SEGURIDAD EN EL TRABAJO<\/p>\n","protected":false},"author":101,"featured_media":0,"parent":0,"menu_order":0,"comment_status":"closed","ping_status":"closed","template":"","meta":[],"acf":[],"_links":{"self":[{"href":"https:\/\/isp24-sfe.infd.edu.ar\/sitio\/wp-json\/wp\/v2\/pages\/1363"}],"collection":[{"href":"https:\/\/isp24-sfe.infd.edu.ar\/sitio\/wp-json\/wp\/v2\/pages"}],"about":[{"href":"https:\/\/isp24-sfe.infd.edu.ar\/sitio\/wp-json\/wp\/v2\/types\/page"}],"author":[{"embeddable":true,"href":"https:\/\/isp24-sfe.infd.edu.ar\/sitio\/wp-json\/wp\/v2\/users\/101"}],"replies":[{"embeddable":true,"href":"https:\/\/isp24-sfe.infd.edu.ar\/sitio\/wp-json\/wp\/v2\/comments?post=1363"}],"version-history":[{"count":10,"href":"https:\/\/isp24-sfe.infd.edu.ar\/sitio\/wp-json\/wp\/v2\/pages\/1363\/revisions"}],"predecessor-version":[{"id":1666,"href":"https:\/\/isp24-sfe.infd.edu.ar\/sitio\/wp-json\/wp\/v2\/pages\/1363\/revisions\/1666"}],"wp:attachment":[{"href":"https:\/\/isp24-sfe.infd.edu.ar\/sitio\/wp-json\/wp\/v2\/media?parent=1363"}],"curies":[{"name":"wp","href":"https:\/\/api.w.org\/{rel}","templated":true}]}}