{"id":1433,"date":"2020-06-13T09:46:59","date_gmt":"2020-06-13T12:46:59","guid":{"rendered":"https:\/\/isp24-sfe.infd.edu.ar\/sitio\/?page_id=1433"},"modified":"2025-12-23T20:21:11","modified_gmt":"2025-12-23T23:21:11","slug":"inscripciones-a-mesas-de-examenes","status":"publish","type":"page","link":"https:\/\/isp24-sfe.infd.edu.ar\/sitio\/inscripciones-a-mesas-de-examenes\/","title":{"rendered":"INSCRIPCIONES A MESAS DE EX\u00c1MENES"},"content":{"rendered":"\n<p><\/p>\n\n\n\n<h2 class=\"wp-block-heading has-text-align-center\"><strong><u>INSCRIPCI\u00d2N A MESAS DE EX\u00c0MENES FEB\/MARZO<\/u><\/strong><\/h2>\n\n\n\n<h2 class=\"wp-block-heading has-text-align-center\"><strong><u>POR FORMULARIOS ON-LINE DESDE EL 2\/01\/202<\/u><\/strong>6<\/h2>\n\n\n\n<h2 class=\"wp-block-heading has-text-align-center\"><strong><u>HASTA LAS 22 HS DEL 01\/02\/2026\u00a0<\/u><\/strong><\/h2>\n\n\n\n<p class=\"has-text-align-center\">(FUERA DE ESA FECHA Y ESE HORARIO, NO SE HAR\u00c0 NING\u00d9N TIPO DE INSCRIPCI\u00d2N)<\/p>\n\n\n\n<p>Link \u2013&nbsp;<a href=\"https:\/\/docs.google.com\/forms\/d\/e\/1FAIpQLSdjA2MVcIdfn3zx5U5prXZPiREwpjOUWcrsbz0t09Kg3Hn7cQ\/viewform?usp=dialog\">Tecnicatura Superior en Higiene y Seguridad en el Trabajo (Cursado en Villa Gdor. G\u00e1lvez).<\/a><\/p>\n\n\n\n<p>Link \u2013&nbsp;<a href=\"https:\/\/docs.google.com\/forms\/d\/e\/1FAIpQLSdccP7EVHcHosNZF3PZhZ_4Ls2qq35f1qBHnnvSrp6ebElIog\/viewform?usp=dialog\">Tecnicatura Superior en Higiene y Seguridad en el Trabajo (Cursado en Cab\u00edn, P\u00e9rez).<\/a><\/p>\n\n\n\n<p>Link \u2013&nbsp;<a href=\"https:\/\/docs.google.com\/forms\/d\/e\/1FAIpQLSd0WebXb5aUfyEhINfv6BgMzQ-UL9HeVirjVJkg6QlwGyDxtA\/viewform?usp=dialog\">Tecnicatura Superior en Recursos Humanos.<\/a><\/p>\n\n\n\n<p>Link \u2013<a href=\"https:\/\/docs.google.com\/forms\/d\/e\/1FAIpQLSfBtjVoWWnNiDAw4tv_FiVzKSsdwhreY3jQCEfKtj-IpSVe8w\/viewform?usp=dialog\" data-type=\"page\">&nbsp;Tecnicatura Superior en Log\u00edstica.<\/a><\/p>\n\n\n\n<p>Link \u2013&nbsp;<a href=\"https:\/\/docs.google.com\/forms\/d\/e\/1FAIpQLSdsZQ4QJgbxgS2bN9np0OlQpIJvdiOy0LA9THZv_m_nEVX7Jw\/viewform?usp=dialog\">Tecnicatura Superior en Gesti\u00f3n de las Organizaciones.<\/a><\/p>\n\n\n\n<p>Link \u2013&nbsp;<a href=\"https:\/\/docs.google.com\/forms\/d\/e\/1FAIpQLSc5GAjaDAu3WTa-0MobnM0k6Z1WSuAsnCK5fizJ8D0j8hPM1Q\/viewform?usp=pp_url\" data-type=\"URL\" data-id=\"https:\/\/docs.google.com\/forms\/d\/e\/1FAIpQLSc5GAjaDAu3WTa-0MobnM0k6Z1WSuAsnCK5fizJ8D0j8hPM1Q\/viewform?usp=pp_url\">Tecnicat<\/a><a href=\"https:\/\/docs.google.com\/forms\/d\/e\/1FAIpQLSeKRYVTq8i2sCMGsNzm-nI29n7lfVNxppVbQDdcCso93UGDpA\/viewform?usp=dialog\" data-type=\"URL\">ura Superior en Alimentos.<\/a><\/p>\n\n\n\n<p>Link \u2013<a href=\"https:\/\/docs.google.com\/forms\/d\/e\/1FAIpQLSe1vf8TsnTr1rGXxHgb0Qig_3c1a5_-jltgf4FSYugWc7o8hw\/viewform?usp=dialog\">&nbsp;Profesorado de Educaci\u00f3n Inicial.<\/a><\/p>\n\n\n\n<p>Link \u2013&nbsp;<a href=\"https:\/\/docs.google.com\/forms\/d\/e\/1FAIpQLSfUVD7ES_vxfiKCqhMEqIyuVGXYU_QF1yLOSF8x5VN7FCLKqA\/viewform?usp=dialog\">Profesorado de Educaci\u00f3n Primaria (turno tarde).<\/a><\/p>\n\n\n\n<p>Link \u2013&nbsp;<a href=\"https:\/\/docs.google.com\/forms\/d\/e\/1FAIpQLSc5AzHr4tAbbJKruNBBNS7R7_bxAn7Tg0fHWmNWoLMEK8xKbg\/viewform?usp=dialog\">Profesorado de Educaci\u00f3n Primaria (turno vespertino).<\/a><\/p>\n\n\n\n<p>Link \u2013<a href=\"https:\/\/docs.google.com\/forms\/d\/e\/1FAIpQLSdtfS4_Hb4cvLPs_1MgqjTAGWtmXLJ9uaL2dzsDghbvlXSMsw\/viewform?usp=dialog\">&nbsp;Profesorado de Educaci\u00f3n Tecnol\u00f3gica.<\/a><\/p>\n\n\n<p><\/p>\n<h2 style=\"text-align: center;\"><strong><span style=\"color: #ff0000;\">Inscripci\u00f3n<\/span>&nbsp;<span style=\"color: #ff0000;\">a<\/span> <span style=\"color: #ff0000;\">Mesas de Ex\u00e1menes Tercer Turno<\/span>&nbsp;<\/strong><\/h2>\n<h2 style=\"text-align: center;\"><strong><span style=\"color: #ff0000;\">(Noviembre\/diciembre 2025)<\/span><\/strong><\/h2>\n<h3 style=\"text-align: center;\"><strong><span style=\"color: #339966;\">del 10\/11 hasta las 22 hs del d\u00eda 13\/11\/2025<\/span><\/strong><\/h3>\n<ul>\n<li><a href=\"https:\/\/docs.google.com\/forms\/d\/e\/1FAIpQLSeo7wzMW0rYjAioNw5k65a4HR-HG-2cqQlqBA2uMwFW-3ZC1A\/viewform?usp=dialog\">Profesorado de Educaci\u00f3n Primaria Turno Tarde<\/a><\/li>\n<li><a href=\"https:\/\/docs.google.com\/forms\/d\/e\/1FAIpQLSe3KIpymTwpWOjbyyxqkKYd49X2Zwg3Qf5uHrtf9pDghRFv4g\/viewform?usp=dialog\">Profesorado de Educaci\u00f3n Primaria Turno Vespertino<\/a><\/li>\n<li><a href=\"https:\/\/docs.google.com\/forms\/d\/e\/1FAIpQLSf1xbm5aGs7xvyvSADCZxieyA6f6yqITec6i-xv75xx86MRnQ\/viewform?usp=sharing&amp;ouid=107380824092106840637\">Profesorado de Educaci\u00f3n Inicial<\/a><\/li>\n<li><a href=\"https:\/\/docs.google.com\/forms\/d\/e\/1FAIpQLSc2SI0lwyXI0N0bFmb-kNrPvxjl2oQ6Ju9PcPD_5nMpOO0ftw\/viewform?usp=dialog\">Profesorado de Educaci\u00f3n Tecnol\u00f3gica<\/a><\/li>\n<li><a href=\"https:\/\/docs.google.com\/forms\/d\/e\/1FAIpQLSexSKyX4YTrMbyjYVY2Usw2acK2NPqOAzvoTDVqvnOI0Qp9UA\/viewform?usp=dialog\">Tecnicatura Sup. en Gesti\u00f3n de las Organizaciones<\/a><\/li>\n<li><a href=\"https:\/\/docs.google.com\/forms\/d\/e\/1FAIpQLSdLcIyLyugeo_XM4VzvHYl6R2uQvIuZ1fJylRI5OcXlazrfPA\/viewform?usp=dialog\">Tecnicatura Sup. en Higiene y Seguridad en el Trabajo (Sede VGG)<\/a><\/li>\n<li><a href=\"https:\/\/docs.google.com\/forms\/d\/e\/1FAIpQLScBz1e1kZipcHZwVSquVdKkp_Boie0HKifj1aAHcUL1hb6jXg\/viewform?usp=dialog\">Tecnicatura Sup. en Higiene y Seguridad en el Trabajo ( Ext. Cab\u00edn)<\/a><\/li>\n<li><a href=\"https:\/\/docs.google.com\/forms\/d\/e\/1FAIpQLSfwGHhui_5427OIZmORBE0iFxZgOC3pQUbYd_OBQJyDXYVcag\/viewform?usp=dialog\">Tecnicatura Sup. en Alimentos<\/a><\/li>\n<li><a href=\"https:\/\/docs.google.com\/forms\/d\/e\/1FAIpQLSdLDRCvxD0ZGDNgaBHRQNpWFezZTykZL9o_H3WtIPShUfhrYA\/viewform?usp=dialog\">Tecnicatura Sup. en Recursos Humanos<\/a><\/li>\n<li><a href=\"https:\/\/docs.google.com\/forms\/d\/e\/1FAIpQLSdkq4YSC2-KP6qUIXbdoOyW-e3AReihZBj9_LMPOGe8PUDAIQ\/viewform?usp=dialog\" data-wplink-edit=\"true\">Tecnicatura Sup. en Log\u00edstica<\/a><\/li>\n<\/ul>\n<h2 style=\"text-align: center;\"><strong><u>INSCRIPCI\u00d2N A MESAS DE EX\u00c0MENES FEB\/MARZO<\/u><\/strong><\/h2>\n<h2 style=\"text-align: center;\"><strong><u>POR FORMULARIOS ON-LINE DESDE EL 2\/01\/2025 <\/u><\/strong><\/h2>\n<h2 style=\"text-align: center;\"><strong><u>HASTA LAS 22 HS DEL 09\/02\/2025&nbsp;<\/u><\/strong><\/h2>\n<p style=\"text-align: center;\"><span style=\"color: #ff0000;\">(FUERA DE ESA FECHA Y ESE HORARIO, NO SE HAR\u00c0 NING\u00d9N TIPO DE INSCRIPCI\u00d2N)<\/span><\/p>\n<p>Link \u2013 <a href=\"https:\/\/docs.google.com\/forms\/d\/e\/1FAIpQLSfIMmd8DE3MUGeh-hBgE3pt5zNd1CIjZhdtR_xEln2cw06Btw\/viewform?usp=dialog\">Tecnicatura Superior en Higiene y Seguridad en el Trabajo (Cursado en Villa Gdor. G\u00e1lvez).<\/a><\/p>\n<p>Link \u2013&nbsp;<a href=\"https:\/\/docs.google.com\/forms\/d\/e\/1FAIpQLSeyx6T0d6ioEfQYmOPsDbVxlJaFLe7_Vh0HYogm4tJtioa0xQ\/viewform?usp=pp_url\">Tecnicatura Superior en Higiene y Seguridad en el Trabajo (Cursado en Cab\u00edn, P\u00e9rez).<\/a><\/p>\n<p>Link \u2013&nbsp;<a href=\"https:\/\/docs.google.com\/forms\/d\/e\/1FAIpQLSeWDCOpISfaVcEQCWXHkZv-hTKE_04wOIOFkrFAmOiMTwzs3g\/viewform?usp=pp_url\">Tecnicatura Superior en Recursos Humanos.<\/a><\/p>\n<p>Link \u2013<a href=\"https:\/\/docs.google.com\/forms\/d\/e\/1FAIpQLSeDW0HqxZrjTduA6jkPxenwC-p3AfuWr1b8-RGdqpTWk14gnA\/viewform?usp=pp_url\">&nbsp;Tecnicatura Superior en Log\u00edstica.<\/a><\/p>\n<p>Link \u2013&nbsp;<a href=\"https:\/\/docs.google.com\/forms\/d\/e\/1FAIpQLSeBQdnFj4biZT39p1FFMA0q2c-jPgOepK-s3HjPNeDemymNjQ\/viewform?usp=pp_url\">Tecnicatura Superior en Gesti\u00f3n de las Organizaciones.<\/a><\/p>\n<p>Link \u2013&nbsp;<a href=\"https:\/\/docs.google.com\/forms\/d\/e\/1FAIpQLSc5GAjaDAu3WTa-0MobnM0k6Z1WSuAsnCK5fizJ8D0j8hPM1Q\/viewform?usp=pp_url\">Tecnicatura Superior en Alimentos.<\/a><\/p>\n<p>Link \u2013<a href=\"https:\/\/docs.google.com\/forms\/d\/e\/1FAIpQLSd5gQiWYMGhNzeJuVcPlv9fLDMcE8Ql4ZbZ9E1iTQFn6ckbnQ\/viewform?usp=pp_url\">&nbsp;Profesorado de Educaci\u00f3n Inicial.<\/a><\/p>\n<p>Link \u2013 <a href=\"https:\/\/docs.google.com\/forms\/d\/e\/1FAIpQLSdssZHDTT93fFVA5FCRo4VxIB4EKdiKvuNopPwxoA86wtZJhg\/viewform?usp=dialog\">Profesorado de Educaci\u00f3n Primaria (turno tarde).<\/a><\/p>\n<p>Link \u2013&nbsp;<a href=\"https:\/\/docs.google.com\/forms\/d\/e\/1FAIpQLScs-6uaRdp09MqNKvMQ6Ys4YhwGPjOTtMhJVrcGym126u4x7g\/viewform?usp=pp_url\">Profesorado de Educaci\u00f3n Primaria (turno vespertino).<\/a><\/p>\n<p>Link \u2013<a href=\"https:\/\/docs.google.com\/forms\/d\/e\/1FAIpQLSdchyiqhg3wr9pETUQg2jI_P57RWWtl24TcECrQ0Vi2c8F6Dg\/viewform?usp=pp_url\">&nbsp;Profesorado de Educaci\u00f3n Tecnol\u00f3gica.<\/a><\/p>\n<h2>&nbsp;<\/h2>\n<h2 style=\"text-align: center;\"><span style=\"color: #ff0000;\">Inscripci\u00f3n a Mesas de Ex\u00e1menes Tercer Turno <\/span><span style=\"color: #ff0000;\">(Noviembre\/Diciembre 2024)<\/span><\/h2>\n<h2 style=\"text-align: center;\"><span style=\"color: #008000;\">del 11\/11 al 18\/11<\/span><\/h2>\n<ul>\n<li><a href=\"https:\/\/docs.google.com\/forms\/d\/e\/1FAIpQLSfIxtpJopanzO_SVfI4VptrICSUP2VwucTLy3wYnCtVLddwEQ\/viewform?usp=pp_url\">Profesorado de Educaci\u00f3n Primaria Turno Tarde<\/a><\/li>\n<li><a href=\"https:\/\/docs.google.com\/forms\/d\/e\/1FAIpQLSf0h0ChW1bSvlJMrA0rfyNWmt0bYPTTS5dgl89kPCwga7goXA\/viewform?usp=pp_url\">Profesorado de Educaci\u00f3n Primaria Turno Vespertino<\/a><\/li>\n<li><a href=\"https:\/\/docs.google.com\/forms\/d\/e\/1FAIpQLSeS2QYFLvNijj3-l5LpWPAxfM3QOVgl3udNSpUZBIl-buOSwg\/viewform?usp=pp_url\">Profesorado de Educaci\u00f3n Inicial<\/a><\/li>\n<li><a href=\"https:\/\/docs.google.com\/forms\/d\/e\/1FAIpQLScHHjo1G7316xfY_57vf755QkxJM1G875Bbsp38zwiMge7cJg\/viewform?usp=pp_url\">Profesorado de Educaci\u00f3n&nbsp; Tecnol\u00f3gica<\/a><\/li>\n<li><a href=\"https:\/\/docs.google.com\/forms\/d\/e\/1FAIpQLSeYoOuFHpRklkTyXvCJ3ZPaDcbOEfrsMUfaNtsA-SrIo6IK9Q\/viewform?usp=pp_url\">Tecnicatura Sup. en Higiene y Seguridad en el Trabajo (Sede VGG)<\/a><\/li>\n<li><a href=\"https:\/\/docs.google.com\/forms\/d\/e\/1FAIpQLSfNWvJn1y0PgYllH2wCE_pKu0co4hQDzQ8w2VgAuQWiQqYtgw\/viewform?usp=pp_url\">Tecnicatura Sup. en Higiene y Seguridad en el Trabajo ( Ext. Cab\u00edn)<\/a><\/li>\n<li><a href=\"https:\/\/docs.google.com\/forms\/d\/e\/1FAIpQLSffkA56e-VIJCtnxTxozy5HG3Ebg_rDwhz4KlniXUXvg2YL8A\/viewform?usp=pp_url\">Tecnicatura Sup. en Recursos Humanos<\/a><\/li>\n<li><a href=\"https:\/\/docs.google.com\/forms\/d\/e\/1FAIpQLSdGDwV2hHA-q4-uiIG-4S54Mn8afK9YmRMnVdYytE4PsFPhQQ\/viewform?usp=pp_url\">Tecnicatura Sup. en Gesti\u00f3n de las Organizaciones<\/a><\/li>\n<li><a href=\"https:\/\/docs.google.com\/forms\/d\/e\/1FAIpQLSfTYWzJsvWbKwtTiFBDww81NvCPMn1cLYF3GXgFqDFLINqyhQ\/viewform?usp=pp_url\">Tecnicatura&nbsp; Sup. en Log\u00edstica<\/a><\/li>\n<li><a href=\"https:\/\/docs.google.com\/forms\/d\/e\/1FAIpQLSdUQvcm6I0m6-_oAZQ9noZNNEF52QVEqPPWTRTXjC8dG9GInQ\/viewform?usp=pp_url\">Tecnicatura Sup. en Alimentos<\/a><\/li>\n<\/ul>\n<h5>&nbsp;<\/h5>\n<h5>&nbsp;<\/h5>\n<h5 style=\"text-align: center;\"><strong><span style=\"color: #ff0000;\">INSCRIPCIONES ONLINE A MESAS DE EX\u00c1MENES <\/span><\/strong><span style=\"color: #99cc00;\">TURNO JULIO 2023&nbsp;&nbsp;<\/span><\/h5>\n<h1 style=\"text-align: center;\"><span style=\"color: #99cc00;\">CERRADA<\/span><\/h1>\n<p><\/p>\n<p>Elige la carrera y completa el correspondiente formulario de inscripci\u00f3n.<\/p>\n<h5><span style=\"color: #ff0000;\">Una vez enviado el formulario, llegar\u00e1 una copia del mismo a la direcci\u00f3n de correo declarada confirmando la inscripci\u00f3n.<\/span><\/h5>\n<p>Formularios:<\/p>\n<p><a href=\"https:\/\/docs.google.com\/forms\/d\/e\/1FAIpQLScUxEIt3TuwXZ9DOAOSR-m-HBJN3Moc43crMLgxbwWJIfSuhw\/viewform?usp=sharing\">Inscripci\u00f3n a Mesas de Ex\u00e1menes de la Carrera de T\u00e9cnico Superior en Log\u00edstica<\/a><\/p>\n<p><a href=\"https:\/\/docs.google.com\/forms\/d\/e\/1FAIpQLScJ6Aa9j9Jq8tWUEAAuPo00S22Mhyq__yEnavYmWI6iCfJpfg\/viewform?usp=sharing\">Inscripci\u00f3n a Mesas de Ex\u00e1menes de la Carrera de T\u00e9cnico Superior en Gesti\u00f3n de las Organizaciones<\/a><\/p>\n<p><a href=\"https:\/\/forms.gle\/CaSWhz1P7EjKqkeA8\">Inscripci\u00f3n a Mesas de Ex\u00e1menes de la Carrera de T\u00e9cnico Superior en Alimentos<\/a><\/p>\n<p><a href=\"https:\/\/docs.google.com\/forms\/d\/e\/1FAIpQLSfCf0gD--708zXp2PjDvYkdu9aM6r8z3oGfKuozLjIsF79Tmw\/viewform?usp=sharing\">Inscripci\u00f3n a Mesas de Ex\u00e1menes de la Carrera de T\u00e9cnico Superior en Recursos Humanos<\/a><\/p>\n<p><a href=\"https:\/\/docs.google.com\/forms\/d\/e\/1FAIpQLSdJdlgi3OqGZGPozlsq3G0KERDNqrOZpHo3zHWYvNyg3pciBg\/viewform?usp=sharing\">Inscripci\u00f3n a Mesas de Ex\u00e1menes de la Carrera de &nbsp;Higiene y Seguridad en el Trabajo (sede V.G.G.)<\/a><\/p>\n<p><a href=\"https:\/\/docs.google.com\/forms\/d\/e\/1FAIpQLSf6SQy_KcLLI2Dr9YFVJEL5LS5XBhi-PbUhdp-vnTbwhhkJhg\/viewform?usp=sharing\">Inscripci\u00f3n a Mesas de Ex\u00e1menes de la Carrera de &nbsp;Higiene y Seguridad en el Trabajo (Anexo Cab\u00edn 9)<\/a><\/p>\n<p><a href=\"https:\/\/forms.gle\/8MXu8jyuHaU6mwsw7\">Inscripci\u00f3n a Mesas de Ex\u00e1menes de la Carrera: Profesorado de Educaci\u00f3n Primaria (Turno Tarde)<\/a><\/p>\n<p><a href=\"https:\/\/docs.google.com\/forms\/d\/e\/1FAIpQLScoAVIeFHk1FVZ_vAPQoFX57ZHlkgtDWS6dGZ2nV2xdVfi2TA\/viewform?usp=sharing\">Inscripci\u00f3n a Mesas de Ex\u00e1menes de la Carrera: Profesorado de Educaci\u00f3n Primaria (Turno Vespertino)<\/a><\/p>\n<p><a href=\"https:\/\/docs.google.com\/forms\/d\/e\/1FAIpQLSfYbgz43w1uL1NbEGEW1bwnEsPj7r8C-nlhHv4Zfq7WOz_KlQ\/viewform?usp=sharing\">Inscripci\u00f3n a Mesas de Ex\u00e1menes de la Carrera: Profesorado de Educaci\u00f3n Inicial<\/a><\/p>\n<p><a href=\"https:\/\/forms.gle\/fAnBkNyGCeiyYjfH8\">Inscripci\u00f3n a Mesas de Ex\u00e1menes de la Carrera de Profesorado de Educaci\u00f3n Tecnol\u00f3gica<\/a><\/p>\n<p><\/p>","protected":false},"excerpt":{"rendered":"<p>INSCRIPCI\u00d2N A MESAS DE EX\u00c0MENES FEB\/MARZO POR FORMULARIOS ON-LINE DESDE EL 2\/01\/2026 HASTA LAS 22 HS DEL 01\/02\/2026\u00a0 (FUERA DE ESA FECHA Y ESE HORARIO, NO SE HAR\u00c0 NING\u00d9N TIPO DE INSCRIPCI\u00d2N) Link \u2013&nbsp;Tecnicatura Superior en Higiene y Seguridad en el Trabajo (Cursado en Villa Gdor. G\u00e1lvez). Link \u2013&nbsp;Tecnicatura Superior en Higiene y Seguridad en &#8230; <a title=\"INSCRIPCIONES A MESAS DE EX\u00c1MENES\" class=\"read-more\" href=\"https:\/\/isp24-sfe.infd.edu.ar\/sitio\/inscripciones-a-mesas-de-examenes\/\" aria-label=\"More on INSCRIPCIONES A MESAS DE EX\u00c1MENES\">[+]<\/a><\/p>\n","protected":false},"author":101,"featured_media":0,"parent":0,"menu_order":0,"comment_status":"closed","ping_status":"closed","template":"","meta":[],"acf":[],"_links":{"self":[{"href":"https:\/\/isp24-sfe.infd.edu.ar\/sitio\/wp-json\/wp\/v2\/pages\/1433"}],"collection":[{"href":"https:\/\/isp24-sfe.infd.edu.ar\/sitio\/wp-json\/wp\/v2\/pages"}],"about":[{"href":"https:\/\/isp24-sfe.infd.edu.ar\/sitio\/wp-json\/wp\/v2\/types\/page"}],"author":[{"embeddable":true,"href":"https:\/\/isp24-sfe.infd.edu.ar\/sitio\/wp-json\/wp\/v2\/users\/101"}],"replies":[{"embeddable":true,"href":"https:\/\/isp24-sfe.infd.edu.ar\/sitio\/wp-json\/wp\/v2\/comments?post=1433"}],"version-history":[{"count":85,"href":"https:\/\/isp24-sfe.infd.edu.ar\/sitio\/wp-json\/wp\/v2\/pages\/1433\/revisions"}],"predecessor-version":[{"id":3471,"href":"https:\/\/isp24-sfe.infd.edu.ar\/sitio\/wp-json\/wp\/v2\/pages\/1433\/revisions\/3471"}],"wp:attachment":[{"href":"https:\/\/isp24-sfe.infd.edu.ar\/sitio\/wp-json\/wp\/v2\/media?parent=1433"}],"curies":[{"name":"wp","href":"https:\/\/api.w.org\/{rel}","templated":true}]}}