{"id":2844,"date":"2023-06-21T17:03:34","date_gmt":"2023-06-21T20:03:34","guid":{"rendered":"https:\/\/isp24-sfe.infd.edu.ar\/sitio\/?page_id=2844"},"modified":"2024-08-20T08:41:31","modified_gmt":"2024-08-20T11:41:31","slug":"ofertas-laborales-de-tercer-ano","status":"publish","type":"page","link":"https:\/\/isp24-sfe.infd.edu.ar\/sitio\/ofertas-laborales-de-tercer-ano\/","title":{"rendered":"OFERTA LABORAL"},"content":{"rendered":"\n<p>AGOSTO 2024<\/p>\n\n\n\n<p><img decoding=\"async\" loading=\"lazy\" width=\"720\" height=\"676\" class=\"wp-image-3283\" style=\"width: 500px;\" src=\"https:\/\/isp24-sfe.infd.edu.ar\/sitio\/wp-content\/uploads\/2024\/08\/OFERTA-LABORAL-1.jpeg\" alt=\"\"><\/p>\n\n\n\n<p>JULIO 2024<\/p>\n\n\n\n<p>\u00a1Nueva vacante para voluntariado!<br>\u00a1Estamos buscando personas apasionadas y comprometidas que deseen formar parte de nuestro equipo de trabajo! Esta es una oportunidad \u00fanica para adquirir experiencia.<\/p>\n\n\n\n<p>Beneficios:<\/p>\n\n\n\n<p>Participaci\u00f3n en nuestras actividades sin costo.<br>Oportunidad de aprender y desarrollarte en un ambiente colaborativo.<br>Posibilidad de inserci\u00f3n en el mundo laboral.<br>Requisitos:<\/p>\n\n\n\n<p>Residir en Alvear o alrededores.<br>Disponibilidad horaria.<br>Si est\u00e1s interesado en sumarte como voluntario, env\u00edanos tu CV con el asunto \u00abVOLUNTARIADO\u00bb a: rrhh@pialvear.com.ar<\/p>\n\n\n\n<figure class=\"wp-block-image size-full is-resized\"><img decoding=\"async\" loading=\"lazy\" src=\"https:\/\/isp24-sfe.infd.edu.ar\/sitio\/wp-content\/uploads\/2024\/07\/Voluntariado-2024.jpeg\" alt=\"\" class=\"wp-image-3235\" width=\"249\" height=\"352\" srcset=\"https:\/\/isp24-sfe.infd.edu.ar\/sitio\/wp-content\/uploads\/2024\/07\/Voluntariado-2024.jpeg 904w, https:\/\/isp24-sfe.infd.edu.ar\/sitio\/wp-content\/uploads\/2024\/07\/Voluntariado-2024-706x1000.jpeg 706w, https:\/\/isp24-sfe.infd.edu.ar\/sitio\/wp-content\/uploads\/2024\/07\/Voluntariado-2024-768x1087.jpeg 768w\" sizes=\"(max-width: 249px) 100vw, 249px\" \/><\/figure>\n\n\n\n<hr class=\"wp-block-separator has-alpha-channel-opacity\"\/>\n\n\n\n<p>AGOSTO 2023<\/p>\n\n\n\n<p>Marcela Reyna, vicedirectora de Nivel Primario del Colegio del Sol Rosario, informa que necesitan cubrir un cargo para docente de tecnolog\u00eda (s\u00f3lo es necesario que est\u00e9 cursando la carrera desde 2do a\u00f1o en adelante).<\/p>\n\n\n\n<p>El mail donde podr\u00e1n presentar el CV:<\/p>\n\n\n\n<p><a rel=\"noreferrer noopener\" href=\"mailto:direccion.primaria@colegiosdelsol.com\" target=\"_blank\">direccion.primaria@colegiosdelsol.com<\/a><\/p>\n\n\n\n<hr class=\"wp-block-separator has-alpha-channel-opacity\"\/>\n\n\n\n<p>JUNIO 2023<\/p>\n\n\n\n<p><strong>B\u00fasqueda dirigida a:<\/strong><\/p>\n\n\n\n<p><strong>Estudiantes de la Tecnicatura Superior en Alimentos, que est\u00e9n cursando o hayan cursado, aprobado o no, el \u201cN\u00facleo de An\u00e1lisis y Control de Calidad de los Alimentos\u201d<\/strong><\/p>\n\n\n\n<p><strong>PASANT\u00cdAS<\/strong><\/p>\n\n\n\n<p><strong>&nbsp;\u201cEstablecimiento La Cumbre\u201d<\/strong>&nbsp;Convoca a pasantes para nuestra planta industrial ubicada en el&nbsp;<strong>Parque Industrial de Alvear (PIA)<\/strong><\/p>\n\n\n\n<p>Pasante 1:<\/p>\n\n\n\n<p>Actividades ligadas al control de materias primas y gesti\u00f3n de proveedores.<\/p>\n\n\n\n<p>-Control de calidad de materias primas y material de empaque<\/p>\n\n\n\n<p>-Gesti\u00f3n de env\u00edo de muestras a laboratorios externos y seguimiento de los an\u00e1lisis realizados<\/p>\n\n\n\n<p>-Control de protocolos de calidad de proveedores<\/p>\n\n\n\n<p>-Gesti\u00f3n de seguimiento de documentaci\u00f3n de proveedores<\/p>\n\n\n\n<p>&nbsp;&nbsp;&nbsp;&nbsp;&nbsp;&nbsp;&nbsp;&nbsp;-Evaluaci\u00f3n de proveedores<\/p>\n\n\n\n<p>&nbsp;&nbsp;&nbsp;&nbsp;&nbsp;&nbsp;&nbsp;&nbsp;-Auditor\u00edas BPM del personal e instalaciones<\/p>\n\n\n\n<p>Pasante 2:<\/p>\n\n\n\n<p>Actividades de control de calidad en l\u00ednea de producci\u00f3n.<\/p>\n\n\n\n<p>Para ambos pasantes:<\/p>\n\n\n\n<p>*Carga horaria de 6 hs presenciales por jornada laboral. Distribuido en tres veces por semana.<\/p>\n\n\n\n<p>*Servicio de comedor en planta, almuerzo.<\/p>\n\n\n\n<p>*Acceso a nuestra plataforma del Club de Beneficios.<\/p>\n\n\n\n<p>Aquellos interesados enviar CV a&nbsp;<a href=\"mailto:rrhh@lacumbre.com.ar\" target=\"_blank\" rel=\"noreferrer noopener\">rrhh@lacumbre.com.ar<\/a><\/p>\n","protected":false},"excerpt":{"rendered":"<p>AGOSTO 2024 JULIO 2024 \u00a1Nueva vacante para voluntariado!\u00a1Estamos buscando personas apasionadas y comprometidas que deseen formar parte de nuestro equipo de trabajo! Esta es una oportunidad \u00fanica para adquirir experiencia. Beneficios: Participaci\u00f3n en nuestras actividades sin costo.Oportunidad de aprender y desarrollarte en un ambiente colaborativo.Posibilidad de inserci\u00f3n en el mundo laboral.Requisitos: Residir en Alvear o &#8230; <a title=\"OFERTA LABORAL\" class=\"read-more\" href=\"https:\/\/isp24-sfe.infd.edu.ar\/sitio\/ofertas-laborales-de-tercer-ano\/\" aria-label=\"More on OFERTA LABORAL\">[+]<\/a><\/p>\n","protected":false},"author":101,"featured_media":0,"parent":0,"menu_order":0,"comment_status":"closed","ping_status":"closed","template":"","meta":[],"acf":[],"_links":{"self":[{"href":"https:\/\/isp24-sfe.infd.edu.ar\/sitio\/wp-json\/wp\/v2\/pages\/2844"}],"collection":[{"href":"https:\/\/isp24-sfe.infd.edu.ar\/sitio\/wp-json\/wp\/v2\/pages"}],"about":[{"href":"https:\/\/isp24-sfe.infd.edu.ar\/sitio\/wp-json\/wp\/v2\/types\/page"}],"author":[{"embeddable":true,"href":"https:\/\/isp24-sfe.infd.edu.ar\/sitio\/wp-json\/wp\/v2\/users\/101"}],"replies":[{"embeddable":true,"href":"https:\/\/isp24-sfe.infd.edu.ar\/sitio\/wp-json\/wp\/v2\/comments?post=2844"}],"version-history":[{"count":10,"href":"https:\/\/isp24-sfe.infd.edu.ar\/sitio\/wp-json\/wp\/v2\/pages\/2844\/revisions"}],"predecessor-version":[{"id":3284,"href":"https:\/\/isp24-sfe.infd.edu.ar\/sitio\/wp-json\/wp\/v2\/pages\/2844\/revisions\/3284"}],"wp:attachment":[{"href":"https:\/\/isp24-sfe.infd.edu.ar\/sitio\/wp-json\/wp\/v2\/media?parent=2844"}],"curies":[{"name":"wp","href":"https:\/\/api.w.org\/{rel}","templated":true}]}}