{"id":318,"date":"2016-10-31T14:20:44","date_gmt":"2016-10-31T17:20:44","guid":{"rendered":"https:\/\/isp24-sfe.infd.edu.ar\/sitio\/?page_id=318"},"modified":"2024-04-07T22:05:35","modified_gmt":"2024-04-08T01:05:35","slug":"contacto","status":"publish","type":"page","link":"https:\/\/isp24-sfe.infd.edu.ar\/sitio\/contacto\/","title":{"rendered":"CONTACTO"},"content":{"rendered":"<p style=\"text-align: center;\"><em><strong>INFORMACI\u00d3N IMPORTANTE PARA ALUMNOS DE TODAS LAS CARRERAS<\/strong>\u00a0<\/em><\/p>\n<p>\u00a0A fin de mejorar la comunicaci\u00f3n, los alumnos deber\u00e1n contactarse con el instituto a trav\u00e9s de las siguientes DIRECCIONES DE EMAIL POR CARRERAS:<\/p>\n<ul>\n<li><strong><em>T\u00e9cnico Superior en Alimentos:<\/em><\/strong> \u00a0 <u>isn24alimentos@gmail.com<\/u><\/li>\n<li><em><strong>T\u00e9cnico\u00a0Superior\u00a0en Recursos humanos:<\/strong><\/em> \u00a0<u>isn24recursoshumanos@gmail.com<\/u><\/li>\n<li><em><strong>T\u00e9cnico\u00a0Superior\u00a0en Higiene y Seguridad en el Trabajo:\u00a0 <\/strong><\/em><\/li>\n<\/ul>\n<p><em><strong>\u00a0 \u00a0 \u00a0 \u00a0 \u00a0 \u00a0 \u00a0 \u00a0 \u00a0 \u00a0 \u00a0 \u00a0 \u00a0 \u00a0 \u00a0 \u00a0 \u00a0 \u00a0 \u00a0 \u00a0 \u00a0 \u00a0 \u00a0 \u00a0 \u00a0 \u00a0 \u00a0 \u00a0 \u00a0 \u00a0 \u00a0 \u00a0 \u00a0 \u00a0 \u00a0 \u00a0 \u00a0 \u00a0 \u00a0 \u00a0 \u00a0 \u00a0 \u00a0 \u00a0 \u00a0 \u00a0 \u00a0 \u00a0 \u00a0 &#8211; Extensi\u00f3n Aulica de Cab\u00edn 9: \u00a0\u00a0<\/strong><\/em><a href=\"mailto:isn24hyscabin@gmail.com\">isn24hyscabin@gmail.com<\/a><\/p>\n<p>\u00a0 \u00a0 \u00a0 \u00a0 \u00a0 \u00a0 \u00a0 \u00a0 \u00a0 \u00a0 \u00a0 \u00a0 \u00a0 \u00a0 \u00a0 \u00a0 \u00a0 \u00a0 \u00a0 \u00a0 \u00a0 \u00a0 \u00a0 \u00a0 \u00a0 \u00a0 \u00a0 \u00a0 \u00a0 \u00a0 \u00a0 \u00a0 \u00a0 \u00a0 \u00a0 \u00a0 \u00a0 \u00a0 \u00a0 \u00a0 \u00a0 \u00a0 \u00a0 \u00a0 \u00a0 \u00a0 \u00a0 \u00a0 \u00a0 \u00a0 \u00a0 \u00a0 \u00a0 \u00a0 \u00a0 \u00a0 \u00a0 \u00a0 \u00a0 \u00a0 \u00a0 \u00a0 \u00a0 <strong>&#8211; <em>Sede V.G.G:<\/em><\/strong>\u00a0 \u00a0 <u>isn24hysvgg@gmail.com<\/u><\/p>\n<ul>\n<li><em><strong>T\u00e9cnico Superior en Gesti\u00f3n de las Organizaciones:\u00a0 \u00a0\u00a0<\/strong><\/em><u>isn24gestion@gmail.com<\/u><\/li>\n<li><strong><em>T\u00e9cnico\u00a0<\/em><\/strong><strong><em>Superior en Log\u00edstica:\u00a0 \u00a0\u00a0<\/em><\/strong><u>isn24logistica@gmail.com<\/u><\/li>\n<li><strong><em>Profesorado de Educaci\u00f3n Tecnol\u00f3gica:\u00a0 \u00a0\u00a0<\/em><\/strong><u>isn24tecnologia@gmail.com<\/u><\/li>\n<li><strong><em>Profesorado de Educaci\u00f3n Inicial:\u00a0 \u00a0\u00a0<\/em><\/strong><u>isn24inicial@gmail.com<\/u><\/li>\n<li><strong><em>Profesorado de Educaci\u00f3n Primaria:\u00a0 \u00a0<\/em><\/strong><\/li>\n<\/ul>\n<p><strong><em>\u00a0 \u00a0 \u00a0 \u00a0 \u00a0 \u00a0 \u00a0 \u00a0 \u00a0 \u00a0 \u00a0 \u00a0 \u00a0 \u00a0 \u00a0 \u00a0 \u00a0 \u00a0 \u00a0 \u00a0 \u00a0 \u00a0 \u00a0 \u00a0 \u00a0 \u00a0 \u00a0 \u00a0 \u00a0 \u00a0 \u00a0 \u00a0 \u00a0 \u00a0 \u00a0 \u00a0 \u00a0&#8211; Turno Tarde:\u00a0 \u00a0 <\/em><\/strong><u>isn24primariatarde@gmail.com<\/u><\/p>\n<p>\u00a0 \u00a0 \u00a0 \u00a0 \u00a0 \u00a0 \u00a0 \u00a0 \u00a0 \u00a0 \u00a0 \u00a0 \u00a0 \u00a0 \u00a0 \u00a0 \u00a0 \u00a0 \u00a0 \u00a0 \u00a0 \u00a0 \u00a0 \u00a0 \u00a0 \u00a0 \u00a0 \u00a0 \u00a0 \u00a0 \u00a0 \u00a0 \u00a0 \u00a0 \u00a0 \u00a0 <strong>&#8211;<\/strong> <strong><em>Turno Noche:<\/em><\/strong>\u00a0 \u00a0<u>isn24primarianoche@gmail.com<\/u><\/p>\n\n\n<p><\/p>\n","protected":false},"excerpt":{"rendered":"<p>INFORMACI\u00d3N IMPORTANTE PARA ALUMNOS DE TODAS LAS CARRERAS\u00a0 \u00a0A fin de mejorar la comunicaci\u00f3n, los alumnos deber\u00e1n contactarse con el instituto a trav\u00e9s de las siguientes DIRECCIONES DE EMAIL POR CARRERAS: T\u00e9cnico Superior en Alimentos: \u00a0 isn24alimentos@gmail.com T\u00e9cnico\u00a0Superior\u00a0en Recursos humanos: \u00a0isn24recursoshumanos@gmail.com T\u00e9cnico\u00a0Superior\u00a0en Higiene y Seguridad en el Trabajo:\u00a0 \u00a0 \u00a0 \u00a0 \u00a0 \u00a0 \u00a0 \u00a0 &#8230; <a title=\"CONTACTO\" class=\"read-more\" href=\"https:\/\/isp24-sfe.infd.edu.ar\/sitio\/contacto\/\" aria-label=\"More on CONTACTO\">[+]<\/a><\/p>\n","protected":false},"author":1,"featured_media":0,"parent":0,"menu_order":0,"comment_status":"closed","ping_status":"closed","template":"","meta":[],"acf":[],"_links":{"self":[{"href":"https:\/\/isp24-sfe.infd.edu.ar\/sitio\/wp-json\/wp\/v2\/pages\/318"}],"collection":[{"href":"https:\/\/isp24-sfe.infd.edu.ar\/sitio\/wp-json\/wp\/v2\/pages"}],"about":[{"href":"https:\/\/isp24-sfe.infd.edu.ar\/sitio\/wp-json\/wp\/v2\/types\/page"}],"author":[{"embeddable":true,"href":"https:\/\/isp24-sfe.infd.edu.ar\/sitio\/wp-json\/wp\/v2\/users\/1"}],"replies":[{"embeddable":true,"href":"https:\/\/isp24-sfe.infd.edu.ar\/sitio\/wp-json\/wp\/v2\/comments?post=318"}],"version-history":[{"count":8,"href":"https:\/\/isp24-sfe.infd.edu.ar\/sitio\/wp-json\/wp\/v2\/pages\/318\/revisions"}],"predecessor-version":[{"id":3180,"href":"https:\/\/isp24-sfe.infd.edu.ar\/sitio\/wp-json\/wp\/v2\/pages\/318\/revisions\/3180"}],"wp:attachment":[{"href":"https:\/\/isp24-sfe.infd.edu.ar\/sitio\/wp-json\/wp\/v2\/media?parent=318"}],"curies":[{"name":"wp","href":"https:\/\/api.w.org\/{rel}","templated":true}]}}