{"id":3532,"date":"2026-04-03T11:19:30","date_gmt":"2026-04-03T14:19:30","guid":{"rendered":"https:\/\/isp24-sfe.infd.edu.ar\/sitio\/?page_id=3532"},"modified":"2026-04-03T11:56:40","modified_gmt":"2026-04-03T14:56:40","slug":"homologaciones","status":"publish","type":"page","link":"https:\/\/isp24-sfe.infd.edu.ar\/sitio\/homologaciones\/","title":{"rendered":"HOMOLOGACIONES"},"content":{"rendered":"\n<p><\/p>\n\n\n\n<p class=\"has-text-align-center\"><strong>&nbsp;SOLICITUD DE HOMOLOGACIONES EXTERNAS<\/strong><strong><\/strong><\/p>\n\n\n\n<p><strong>Periodo de solicitud:<\/strong> <strong>desde&nbsp;el&nbsp;23 al 29 de abril del 2026 a las&nbsp;20:00&nbsp;horas.<\/strong><\/p>\n\n\n\n<p><strong>Atenci\u00f3n<\/strong><br><strong><br>Para realizar el tr\u00e1mite se deber\u00e1 presentar en la Secretar\u00eda del Instituto<\/strong><a href=\"https:\/\/drive.google.com\/file\/d\/1dgJhCb3FbCt5vZCkwVM6dYJsCZnpbdy-\/view?usp=sharing\"> <\/a> <a href=\"https:\/\/drive.google.com\/file\/d\/1xdEHeDTEb8LR5Q5rDoA2o9jny4Zqj9Uj\/view?usp=sharing\">SOLICITUD DE HOMOLOGACIONES<\/a>\u00a0(descargar del siguiente link) en original y copia<strong>, junto con la siguiente documentaci\u00f3n LEGALIZADA en formato papel:\u00a0<\/strong><\/p>\n\n\n\n<p>\u2013<strong>&nbsp;Constancia de materias aprobadas, t\u00edtulo o certificado anal\u00edtico legalizados.<\/strong><\/p>\n\n\n\n<p>\u2013 El&nbsp;<strong>plan de estudios legalizado&nbsp;<\/strong>con el detalle de horas semanales de cada asignatura.<br>\u2013 Los&nbsp;<strong>programas legalizados&nbsp;<\/strong>de las materias aprobadas y por las que solicita homologaci\u00f3n.<\/p>\n\n\n\n<p><strong>Aclaraciones:<\/strong><br>\u2013 Se puede solicitar cualquier asignatura\/materia de la carrera (no se homologan Talleres, Seminarios y Pr\u00e1cticas Profesionales).<br>\u2013 No se otorgar\u00e1n homologaciones de homologaciones.<br>\u2013 Se otorgan homologaciones parciales.<\/p>\n\n\n\n<p class=\"has-text-align-center\"><strong>La<\/strong> <strong>resoluci\u00f3n de las homologaciones se realiza en el mes de mayo<\/strong>, <strong>hasta tanto se deber\u00e1<\/strong> <strong>cursar<\/strong> <strong>la unidad<\/strong> <strong>curricular<\/strong>.<\/p>\n\n\n\n<p class=\"has-text-align-center\"><strong>SOLICITUD DE HOMOLOGACIONES INTERNAS<\/strong><\/p>\n\n\n\n<p><strong>De estudiantes que cambiaron de carrera o comienzan una<\/strong> <strong>nueva en el Instituto N\u00ba24.<\/strong><\/p>\n\n\n\n<p><strong>Periodo de solicitud:<\/strong> <strong>desde&nbsp;el&nbsp;23 al 29 de abril del 2026<\/strong> <strong>a las&nbsp;20:00&nbsp;horas.<\/strong><\/p>\n\n\n\n<p><strong>Atenci\u00f3n<\/strong><br>Es<strong>\u00a0requisito indispensable para iniciar el tr\u00e1mite<\/strong>\u00a0presentar\u00a0la <a href=\"https:\/\/drive.google.com\/file\/d\/1xdEHeDTEb8LR5Q5rDoA2o9jny4Zqj9Uj\/view?usp=sharing\">SOLICITUD DE HOMOLOGACIONES<\/a>\u00a0en original y copia.<\/p>\n\n\n\n<p><strong>No se requiere la presentaci\u00f3n de otra documentaci\u00f3n.<\/strong><\/p>\n\n\n\n<p><strong>Aclaraciones:<\/strong><br>\u2013 Se puede solicitar cualquier asignatura\/materia de la carrera (no se homologan Talleres de Pr\u00e1cticas docentes, Seminarios y Pr\u00e1cticas Profesionales).<br>\u2013 No se otorgar\u00e1n homologaciones de homologaciones.<br>\u2013 Se otorgan homologaciones parciales.<\/p>\n\n\n\n<p class=\"has-text-align-center\"><strong>&nbsp;La resoluci\u00f3n de las homologaciones se realiza en el mes de mayo, hasta tanto se deber\u00e1 cursar la unidad curricular.<\/strong><strong><\/strong><\/p>\n","protected":false},"excerpt":{"rendered":"<p>&nbsp;SOLICITUD DE HOMOLOGACIONES EXTERNAS Periodo de solicitud: desde&nbsp;el&nbsp;23 al 29 de abril del 2026 a las&nbsp;20:00&nbsp;horas. Atenci\u00f3nPara realizar el tr\u00e1mite se deber\u00e1 presentar en la Secretar\u00eda del Instituto SOLICITUD DE HOMOLOGACIONES\u00a0(descargar del siguiente link) en original y copia, junto con la siguiente documentaci\u00f3n LEGALIZADA en formato papel:\u00a0 \u2013&nbsp;Constancia de materias aprobadas, t\u00edtulo o certificado anal\u00edtico &#8230; <a title=\"HOMOLOGACIONES\" class=\"read-more\" href=\"https:\/\/isp24-sfe.infd.edu.ar\/sitio\/homologaciones\/\" aria-label=\"More on HOMOLOGACIONES\">[+]<\/a><\/p>\n","protected":false},"author":257,"featured_media":0,"parent":0,"menu_order":0,"comment_status":"closed","ping_status":"closed","template":"","meta":[],"acf":[],"_links":{"self":[{"href":"https:\/\/isp24-sfe.infd.edu.ar\/sitio\/wp-json\/wp\/v2\/pages\/3532"}],"collection":[{"href":"https:\/\/isp24-sfe.infd.edu.ar\/sitio\/wp-json\/wp\/v2\/pages"}],"about":[{"href":"https:\/\/isp24-sfe.infd.edu.ar\/sitio\/wp-json\/wp\/v2\/types\/page"}],"author":[{"embeddable":true,"href":"https:\/\/isp24-sfe.infd.edu.ar\/sitio\/wp-json\/wp\/v2\/users\/257"}],"replies":[{"embeddable":true,"href":"https:\/\/isp24-sfe.infd.edu.ar\/sitio\/wp-json\/wp\/v2\/comments?post=3532"}],"version-history":[{"count":5,"href":"https:\/\/isp24-sfe.infd.edu.ar\/sitio\/wp-json\/wp\/v2\/pages\/3532\/revisions"}],"predecessor-version":[{"id":3550,"href":"https:\/\/isp24-sfe.infd.edu.ar\/sitio\/wp-json\/wp\/v2\/pages\/3532\/revisions\/3550"}],"wp:attachment":[{"href":"https:\/\/isp24-sfe.infd.edu.ar\/sitio\/wp-json\/wp\/v2\/media?parent=3532"}],"curies":[{"name":"wp","href":"https:\/\/api.w.org\/{rel}","templated":true}]}}