{"id":3537,"date":"2026-04-03T11:26:10","date_gmt":"2026-04-03T14:26:10","guid":{"rendered":"https:\/\/isp24-sfe.infd.edu.ar\/sitio\/?page_id=3537"},"modified":"2026-04-03T12:08:04","modified_gmt":"2026-04-03T15:08:04","slug":"mesas-especiales","status":"publish","type":"page","link":"https:\/\/isp24-sfe.infd.edu.ar\/sitio\/mesas-especiales\/","title":{"rendered":"MESAS ESPECIALES"},"content":{"rendered":"\n<p><\/p>\n\n\n\n<p class=\"has-text-align-center\"><strong>INSCRIPCI\u00d3N A MESAS EXAMINADORAS ESPECIALES<\/strong><strong><\/strong><\/p>\n\n\n\n<p><strong>Del 13 al 15 de abril del 2026.<\/strong><strong><\/strong><\/p>\n\n\n\n<p><strong>Estudiantes: deber\u00e1n Imprimir el siguiente formulario por duplicado y presentar en la Secretar\u00eda del espacio \u00e1ulico y turno en que est\u00e9n cursando.<\/strong><strong><\/strong><\/p>\n\n\n\n<p class=\"has-text-align-center\"><a href=\"https:\/\/drive.google.com\/file\/d\/1SebaAEP_wYl5Ll4N6uSuX1B5n_wBOzNP\/view?usp=sharing\"><strong>FORMULARIO<\/strong><\/a><strong><\/strong><\/p>\n\n\n\n<p><strong>Recordar que el pedido debe cumplir con el art\u00edculo 40 del RAM. Adjuntamos texto:&nbsp;<\/strong><\/p>\n\n\n\n<p><strong>&nbsp;Art. 40:&nbsp;<\/strong>Mesa especial de examen ante Tribunal: Todo estudiante tendr\u00e1 derecho a Mesa examinadora especial en los siguientes casos:<\/p>\n\n\n\n<ol type=\"1\">\n<li>a) Cuando adeudare hasta dos materias del \u00faltimo a\u00f1o de la carrera para finalizar sus estudios.<\/li>\n\n\n\n<li>b) Cuando, por razones de enfermedad, causa grave de \u00edndole familiar, laboral u otros motivos debidamente justificados, fehacientemente comprobados en tiempo y en forma, no pudiera presentarse a rendir examen en la fecha y horario estipulado, hasta tres veces a lo largo de su carrera.<\/li>\n\n\n\n<li>c) Cuando caducaren los Planes de Estudio con los cuales curs\u00f3. La solicitud para la formaci\u00f3n de estas Mesas se har\u00e1 por nota personal con nota personal con un plazo previo de quince (15) d\u00edas. Se establecer\u00e1n en los meses de mayo, septiembre o cuando lo determine el calendario jurisdiccional.<\/li>\n\n\n\n<li>d) Cuando se adeudare hasta dos unidades curriculares requeridas para cursar los talleres&nbsp;de docencia\/pr\u00e1cticas profesionalizante correspondiente correlativos<\/li>\n<\/ol>\n\n\n\n<p class=\"has-text-align-center\"><strong>Periodo de desarrollo de las mesas que sean aprobada ser\u00e1n entre el 23\/4 y el 30\/4.<\/strong><\/p>\n","protected":false},"excerpt":{"rendered":"<p>INSCRIPCI\u00d3N A MESAS EXAMINADORAS ESPECIALES Del 13 al 15 de abril del 2026. Estudiantes: deber\u00e1n Imprimir el siguiente formulario por duplicado y presentar en la Secretar\u00eda del espacio \u00e1ulico y turno en que est\u00e9n cursando. FORMULARIO Recordar que el pedido debe cumplir con el art\u00edculo 40 del RAM. Adjuntamos texto:&nbsp; &nbsp;Art. 40:&nbsp;Mesa especial de examen &#8230; <a title=\"MESAS ESPECIALES\" class=\"read-more\" href=\"https:\/\/isp24-sfe.infd.edu.ar\/sitio\/mesas-especiales\/\" aria-label=\"More on MESAS ESPECIALES\">[+]<\/a><\/p>\n","protected":false},"author":257,"featured_media":0,"parent":0,"menu_order":0,"comment_status":"closed","ping_status":"closed","template":"","meta":[],"acf":[],"_links":{"self":[{"href":"https:\/\/isp24-sfe.infd.edu.ar\/sitio\/wp-json\/wp\/v2\/pages\/3537"}],"collection":[{"href":"https:\/\/isp24-sfe.infd.edu.ar\/sitio\/wp-json\/wp\/v2\/pages"}],"about":[{"href":"https:\/\/isp24-sfe.infd.edu.ar\/sitio\/wp-json\/wp\/v2\/types\/page"}],"author":[{"embeddable":true,"href":"https:\/\/isp24-sfe.infd.edu.ar\/sitio\/wp-json\/wp\/v2\/users\/257"}],"replies":[{"embeddable":true,"href":"https:\/\/isp24-sfe.infd.edu.ar\/sitio\/wp-json\/wp\/v2\/comments?post=3537"}],"version-history":[{"count":4,"href":"https:\/\/isp24-sfe.infd.edu.ar\/sitio\/wp-json\/wp\/v2\/pages\/3537\/revisions"}],"predecessor-version":[{"id":3553,"href":"https:\/\/isp24-sfe.infd.edu.ar\/sitio\/wp-json\/wp\/v2\/pages\/3537\/revisions\/3553"}],"wp:attachment":[{"href":"https:\/\/isp24-sfe.infd.edu.ar\/sitio\/wp-json\/wp\/v2\/media?parent=3537"}],"curies":[{"name":"wp","href":"https:\/\/api.w.org\/{rel}","templated":true}]}}