{"id":840,"date":"2018-08-31T16:26:36","date_gmt":"2018-08-31T19:26:36","guid":{"rendered":"https:\/\/isp24-sfe.infd.edu.ar\/sitio\/datos-institucionales\/"},"modified":"2018-10-16T17:16:46","modified_gmt":"2018-10-16T20:16:46","slug":"datos-institucionales","status":"publish","type":"page","link":"https:\/\/isp24-sfe.infd.edu.ar\/sitio\/datos-institucionales\/","title":{"rendered":"Datos institucionales"},"content":{"rendered":"<blockquote><p><span style=\"font-size: small; font-family: verdana;\">\u00a0<\/span><\/p>\n<table style=\"height: 555px; border: 0px solid #003399; width: 757px; background-color: #ffffff;\" border=\"0\">\n<tbody>\n<tr style=\"background-color: #006699;\">\n<td style=\"text-align: center;\">\u00a0<span style=\"font-family: book antiqua,palatino;\"><span style=\"color: #ffffff;\"><span style=\"font-size: large;\">INSTITUTO SUPERIOR N\u00b0 24<\/span> <\/span><\/span><\/td>\n<\/tr>\n<tr style=\"background-color: #0099cc;\">\n<td style=\"text-align: center;\"><span style=\"font-size: large; color: #ffffff; font-family: book antiqua,palatino;\">\u00a0\u00abH\u00e9roes de Malvinas\u00bb<\/span><\/td>\n<\/tr>\n<tr>\n<td>DIRECCI\u00d3N: Pablo Iglesias 2225<\/p>\n<p>LOCALIDAD: Villa Gobernador G\u00e1lvez<\/p>\n<p>PROVINCIA: Santa Fe (Rep\u00fablica Argentina)<\/p>\n<p>C\u00f3digo Postal: 2124<\/p>\n<p>&nbsp;<\/td>\n<\/tr>\n<tr>\n<td>HORARIO DE ATENCI\u00d3N: 19 h.\u00a0a 21. h.<\/td>\n<\/tr>\n<tr>\n<td>TELEFONOS :\u00a0 4925850<\/td>\n<\/tr>\n<tr>\n<td>E-mail DE CONSULTAS\u00a0: \u00a0isn24heroesdemalvinas@gmail.com<\/td>\n<\/tr>\n<tr>\n<td><span style=\"font-size: 12pt; font-family: book antiqua,palatino;\">\u00a0<\/span><\/td>\n<\/tr>\n<\/tbody>\n<\/table>\n<table style=\"border-collapse: collapse; height: 117px; width: 100%;\" border=\"0\" cellspacing=\"0\" cellpadding=\"0\">\n<tbody>\n<tr>\n<td style=\"width: 96%; height: 64px;\">\n<table style=\"border-collapse: collapse; height: 117px; width: 100%;\" border=\"0\" cellspacing=\"0\" cellpadding=\"0\">\n<tbody>\n<tr>\n<td style=\"width: 100%; height: 36px; text-align: center;\" colspan=\"2\" bgcolor=\"#006699\"><span style=\"font-size: x-large; color: #ffffff; font-family: book antiqua,palatino;\">Villa Gobernador G\u00e1lvez <\/span><\/td>\n<\/tr>\n<tr>\n<td style=\"width: 100%; height: 27px;\" colspan=\"2\" bgcolor=\"#008acc\"><span style=\"font-size: large; color: #ffffff; font-family: book antiqua,palatino;\">Su Historia<\/span><\/td>\n<\/tr>\n<tr>\n<td style=\"width: 96%; height: 64px;\"><\/td>\n<\/tr>\n<tr>\n<td colspan=\"2\">\n<h6>Villa Gobernador G\u00e1lvez es un mosaico de culturas. All\u00e1 en sus inicios, fueron los primeros habitantes de los tres pueblos que la conforman (Villa G. Galvez, Villa Diego y Pueblo Nuevo), con las costumbres del Viejo Mundo, quienes constituyeron las primeras instituciones que organizaban la sociedad que se iba gestando.<\/p>\n<p>Entre los inmigrantes que llegaron a la <a href=\"http:\/\/www.presidencia.gov.ar\/\" target=\"_blank\" rel=\"noopener\">Argentina <\/a>provenientes de pa\u00edses europeos, el ingeniero Enrique Mosconi, fue el fundador del pueblo de Villa Gobernador G\u00e1lvez el 25 de febrero de 1888.<\/p>\n<p>Mosconi adquiri\u00f3 al sur de <a href=\"http:\/\/www.rosario.com.ar\/\" target=\"_blank\" rel=\"noopener\">Rosario <\/a>terrenos a Don F.Giannantonio en agosto de 1888. A comienzos de ese a\u00f1o la inmigraci\u00f3n crec\u00eda a raudales en nuestro pa\u00eds, en especial italianos y espa\u00f1oles, Mosconi tuvo la idea de crear un pueblo y lo concreta mediante una nota que envi\u00f3 al primer mandatario santafesino, \u00e9ste autoriza la fundaci\u00f3n el 25 de febrero de 1888. El or\u00edgen del nombre de Villa Gobernador G\u00e1lvez se atribuye a la gran amistad que un\u00eda al fundador con el gobernador de la provincia Jos\u00e9 G\u00e1lvez.<\/p>\n<p>El pueblo de Villa Gobernador G\u00e1lvez pasa a la categor\u00eda de ciudad el 12 de abril de 1962, mediante Decreto Provincial N\u00b003925, siendo gobernador el doctor Carlos Silvestre Begnis, calcul\u00e1ndose en esa fecha en unos 18.000 habitantes.<\/h6>\n<\/td>\n<\/tr>\n<tr>\n<td style=\"width: 100%; height: 39px;\" colspan=\"2\" bgcolor=\"#008acc\"><span style=\"font-size: large; color: #ffffff; font-family: book antiqua,palatino;\">Ubicaci\u00f3n<\/span><\/td>\n<\/tr>\n<tr>\n<td style=\"width: 30%; height: 39px;\" bgcolor=\"#ffffff\">\n<table style=\"border-collapse: collapse; height: 412px; width: 706px;\" border=\"0\" cellspacing=\"0\" cellpadding=\"0\">\n<tbody>\n<tr>\n<td style=\"width: 70%; height: 39px;\">\n<h6>La ciudad de Villa Gobernador G\u00e1lvez se encuentra ubicada en el Departamento <a href=\"http:\/\/www.rosario.com.ar\/\" target=\"_blank\" rel=\"noopener\">Rosario<\/a>, provincia de Santa Fe, Rep\u00fablica Argentina.<\/h6>\n<h6>En el meridiano 61 O y paralelo 33 S.<\/h6>\n<h6>\u00a0Lo separa de la ciudad de <a href=\"http:\/\/www.rosario.com.ar\/\" target=\"_blank\" rel=\"noopener\">Rosario <\/a>el arroyo Saladillo, habi\u00e9ndose convertido en el transcurso de los \u00faltimos a\u00f1os en una continuaci\u00f3n de aquella. Tiene una superficie aproximada de 31 kil\u00f3metros cuadrados y una poblaci\u00f3n de 90.000 habitantes.<\/h6>\n<h6>Limita al este con el r\u00edo Paran\u00e1 que es netamente fluvial y zona barrancosa; al sur con la vecina localidad de Alvear; al norte limita con el arroyo Saladillo y como ya mencionamos con <a href=\"http:\/\/www.rosario.com.ar\/\" target=\"_blank\" rel=\"noopener\">Rosario <\/a>y al oeste con la ruta nacional Nro.178.<\/h6>\n<p><img decoding=\"async\" loading=\"lazy\" class=\"aligncenter\" src=\"https:\/\/isp24-sfe.infd.edu.ar\/sitio\/wp-content\/uploads\/2018\/08\/Rosario_1.gif\" alt=\"Mapa \" width=\"139\" height=\"236\" border=\"0\" \/><\/td>\n<\/tr>\n<\/tbody>\n<\/table>\n<\/td>\n<td style=\"width: 70%; height: 39px;\"><\/td>\n<\/tr>\n<\/tbody>\n<\/table>\n<\/td>\n<\/tr>\n<tr>\n<td style=\"width: 100%; height: 64px;\" colspan=\"2\"><span style=\"font-family: Arial;\"><span style=\"font-size: x-small;\">\u00a0<\/span><\/span><\/p>\n<h6 style=\"text-align: center;\"><\/h6>\n<p>&nbsp;<\/td>\n<\/tr>\n<\/tbody>\n<\/table>\n<p>&nbsp;<\/p>\n<p>&nbsp;<\/p><\/blockquote>\n","protected":false},"excerpt":{"rendered":"<p>\u00a0 \u00a0INSTITUTO SUPERIOR N\u00b0 24 \u00a0\u00abH\u00e9roes de Malvinas\u00bb DIRECCI\u00d3N: Pablo Iglesias 2225 LOCALIDAD: Villa Gobernador G\u00e1lvez PROVINCIA: Santa Fe (Rep\u00fablica Argentina) C\u00f3digo Postal: 2124 &nbsp; HORARIO DE ATENCI\u00d3N: 19 h.\u00a0a 21. h. TELEFONOS :\u00a0 4925850 E-mail DE CONSULTAS\u00a0: \u00a0isn24heroesdemalvinas@gmail.com \u00a0 Villa Gobernador G\u00e1lvez Su Historia Villa Gobernador G\u00e1lvez es un mosaico de culturas. All\u00e1 en &#8230; <a title=\"Datos institucionales\" class=\"read-more\" href=\"https:\/\/isp24-sfe.infd.edu.ar\/sitio\/datos-institucionales\/\" aria-label=\"More on Datos institucionales\">[+]<\/a><\/p>\n","protected":false},"author":17,"featured_media":0,"parent":0,"menu_order":0,"comment_status":"closed","ping_status":"closed","template":"","meta":[],"acf":[],"_links":{"self":[{"href":"https:\/\/isp24-sfe.infd.edu.ar\/sitio\/wp-json\/wp\/v2\/pages\/840"}],"collection":[{"href":"https:\/\/isp24-sfe.infd.edu.ar\/sitio\/wp-json\/wp\/v2\/pages"}],"about":[{"href":"https:\/\/isp24-sfe.infd.edu.ar\/sitio\/wp-json\/wp\/v2\/types\/page"}],"author":[{"embeddable":true,"href":"https:\/\/isp24-sfe.infd.edu.ar\/sitio\/wp-json\/wp\/v2\/users\/17"}],"replies":[{"embeddable":true,"href":"https:\/\/isp24-sfe.infd.edu.ar\/sitio\/wp-json\/wp\/v2\/comments?post=840"}],"version-history":[{"count":4,"href":"https:\/\/isp24-sfe.infd.edu.ar\/sitio\/wp-json\/wp\/v2\/pages\/840\/revisions"}],"predecessor-version":[{"id":967,"href":"https:\/\/isp24-sfe.infd.edu.ar\/sitio\/wp-json\/wp\/v2\/pages\/840\/revisions\/967"}],"wp:attachment":[{"href":"https:\/\/isp24-sfe.infd.edu.ar\/sitio\/wp-json\/wp\/v2\/media?parent=840"}],"curies":[{"name":"wp","href":"https:\/\/api.w.org\/{rel}","templated":true}]}}