{"id":849,"date":"2018-08-31T16:26:40","date_gmt":"2018-08-31T19:26:40","guid":{"rendered":"https:\/\/isp24-sfe.infd.edu.ar\/sitio\/autoridades\/"},"modified":"2024-08-16T18:01:12","modified_gmt":"2024-08-16T21:01:12","slug":"autoridades","status":"publish","type":"page","link":"https:\/\/isp24-sfe.infd.edu.ar\/sitio\/autoridades\/","title":{"rendered":"Personal Institucional"},"content":{"rendered":"\n<pre class=\"wp-block-preformatted\">&nbsp;<\/pre>\n\n\n\n<figure class=\"wp-block-table\"><table><tbody><tr><td> <h4 style=\"text-align: left;\"><span style=\"font-size: 12pt;\">PERSONAL INSTITUCIONAL I.S. N\u00b024<\/span><\/h4><\/td><\/tr><tr><td> <p style=\"text-align: left;\"><span style=\"font-size: 12pt; color: #000000;\"><strong>EQUIPO DIRECTIVO<\/strong><\/span><\/p><p><span style=\"font-size: 12pt; color: #000000;\"><strong>Directora:<\/strong> Prof. Thomson, Cristina<\/span><\/p><p><strong><span style=\"font-size: 12pt; color: #000000;\">Regentes:<\/span><\/strong><span style=\"font-family: inherit; font-size: inherit; font-weight: inherit;\"> <\/span><\/p><li style=\"text-align: left;\">Coordinaci\u00f3n de Profesorados:&nbsp; <span style=\"font-family: inherit; font-weight: inherit; font-size: 12pt; color: rgb(51, 51, 0);\"><span style=\"color: #000000;\">Prof. Barbi, J\u00e9sica<\/span><\/span><\/li><li style=\"text-align: left;\">Coordinadora de Tecnicaturas:&nbsp; Prof. Barros, Anah\u00ed&nbsp;&nbsp; <strong style=\"font-family: inherit; font-size: revert;\">&nbsp;<\/strong><span style=\"font-family: inherit; font-size: inherit; font-weight: inherit;\"> <\/span><\/li><br><br><strong>ADMINISTRACI\u00d3N<\/strong><br><br><strong style=\"font-size: 12pt; color: rgb(0, 0, 0); font-family: inherit;\">Secretaria:<\/strong><span style=\"font-size: 12pt; color: rgb(0, 0, 0); font-family: inherit; font-weight: inherit;\">&nbsp; Prof. Marisol Frutos&nbsp;<\/span><br><br><strong style=\"font-size: revert; font-family: inherit;\"><span style=\"font-size: 12pt;\">Pro Secretarias: <\/span><\/strong><span style=\"font-size: inherit; font-family: inherit; font-weight: inherit;\"> <\/span><span style=\"font-size: inherit; font-family: inherit; font-weight: inherit; background-color: rgba(58, 58, 58, 0.2);\"> <\/span><ul><li style=\"text-align: left;\"><span style=\"font-size: 12pt;\">Prof. Mattaloni, Mar\u00eda Bel\u00e9n&nbsp;<\/span><\/li> <li style=\"text-align: left;\">Prof. Cuadrado, Valeria<\/li> <li>Prof. Lastorta, Elisabet<\/li> <\/ul> <strong style=\"font-size: revert; font-family: inherit;\">Coordinador:<\/strong><span style=\"font-size: inherit; font-family: inherit; font-weight: inherit;\"> <\/span> <ul><li>Prof. De Cicco, Lucas&nbsp; &#8211; Extensi\u00f3n \u00c1ulica P\u00e9rez &#8211;<\/li> <\/ul> <br><p><strong>JEFATURAS DE SECCIONES<\/strong><\/p> <strong style=\"font-size: revert; font-family: inherit;\">Jefas de Profesorados en:<\/strong>  <ul><li style=\"text-align: left;\"><sub style=\"font-family: inherit; font-weight: inherit;\">&nbsp;<\/sub><span style=\"font-size: 12pt;\">Educaci\u00f3n Primaria: Prof. Vitola, Paola&nbsp;<\/span><\/li> <li style=\"text-align: left;\"><span style=\"font-size: 12pt;\">&nbsp;Educaci\u00f3n Inicial: Prof. Sissia, Patricia&nbsp;<\/span><\/li> <li style=\"text-align: left;\">Pr\u00e1ctica Docente: Prof. Chervo Isola, Soledad<\/li> <\/ul> <strong style=\"font-size: revert; font-family: inherit;\">Jefes\/as de Tecnicaturas Superiores en:<\/strong>  <ul><li style=\"text-align: left;\"><span style=\"font-size: 12pt;\">Alimentos: Prof. R\u00edos, Valeria<\/span><\/li> <li style=\"text-align: left;\"><span style=\"font-size: 12pt;\">Log\u00edstica: Lic. Camuglia, Sergio<\/span><\/li> <li style=\"text-align: left;\"><span style=\"font-size: 12pt;\">Gesti\u00f3n de las Organizaciones: Lic. Camuglia, Sergio<\/span><\/li> <li style=\"text-align: left;\"><span style=\"font-size: 12pt;\">Higiene y Seguridad en el Trabajo: Ing. Golic, Alberto<\/span><\/li> <li style=\"text-align: left;\"><span style=\"font-size: 12pt;\">Recursos Humanos: Abg. Lav\u00edn, Miguel<\/span><\/li> <\/ul><br> <strong style=\"font-size: revert; font-family: inherit;\"><span style=\"font-size: 12pt;\">BIBLIOTECA<\/span><\/strong>  <ul><li><span style=\"font-size: 12pt;\">Bibl. Churchi\u00fa, Sandra<\/span> <\/li><\/ul> <\/td><\/tr><\/tbody><\/table><\/figure>\n","protected":false},"excerpt":{"rendered":"<p>&nbsp; PERSONAL INSTITUCIONAL I.S. N\u00b024 EQUIPO DIRECTIVO Directora: Prof. Thomson, Cristina Regentes: Coordinaci\u00f3n de Profesorados:&nbsp; Prof. Barbi, J\u00e9sica Coordinadora de Tecnicaturas:&nbsp; Prof. Barros, Anah\u00ed&nbsp;&nbsp; &nbsp; ADMINISTRACI\u00d3N Secretaria:&nbsp; Prof. Marisol Frutos&nbsp; Pro Secretarias: Prof. Mattaloni, Mar\u00eda Bel\u00e9n&nbsp; Prof. Cuadrado, Valeria Prof. Lastorta, Elisabet Coordinador: Prof. De Cicco, Lucas&nbsp; &#8211; Extensi\u00f3n \u00c1ulica P\u00e9rez &#8211; JEFATURAS DE SECCIONES &#8230; <a title=\"Personal Institucional\" class=\"read-more\" href=\"https:\/\/isp24-sfe.infd.edu.ar\/sitio\/autoridades\/\" aria-label=\"More on Personal Institucional\">[+]<\/a><\/p>\n","protected":false},"author":17,"featured_media":0,"parent":0,"menu_order":0,"comment_status":"closed","ping_status":"closed","template":"","meta":[],"acf":[],"_links":{"self":[{"href":"https:\/\/isp24-sfe.infd.edu.ar\/sitio\/wp-json\/wp\/v2\/pages\/849"}],"collection":[{"href":"https:\/\/isp24-sfe.infd.edu.ar\/sitio\/wp-json\/wp\/v2\/pages"}],"about":[{"href":"https:\/\/isp24-sfe.infd.edu.ar\/sitio\/wp-json\/wp\/v2\/types\/page"}],"author":[{"embeddable":true,"href":"https:\/\/isp24-sfe.infd.edu.ar\/sitio\/wp-json\/wp\/v2\/users\/17"}],"replies":[{"embeddable":true,"href":"https:\/\/isp24-sfe.infd.edu.ar\/sitio\/wp-json\/wp\/v2\/comments?post=849"}],"version-history":[{"count":18,"href":"https:\/\/isp24-sfe.infd.edu.ar\/sitio\/wp-json\/wp\/v2\/pages\/849\/revisions"}],"predecessor-version":[{"id":3278,"href":"https:\/\/isp24-sfe.infd.edu.ar\/sitio\/wp-json\/wp\/v2\/pages\/849\/revisions\/3278"}],"wp:attachment":[{"href":"https:\/\/isp24-sfe.infd.edu.ar\/sitio\/wp-json\/wp\/v2\/media?parent=849"}],"curies":[{"name":"wp","href":"https:\/\/api.w.org\/{rel}","templated":true}]}}