{"id":912,"date":"2018-10-16T15:20:30","date_gmt":"2018-10-16T18:20:30","guid":{"rendered":"https:\/\/isp24-sfe.infd.edu.ar\/sitio\/?page_id=912"},"modified":"2024-03-17T19:51:49","modified_gmt":"2024-03-17T22:51:49","slug":"normativas","status":"publish","type":"page","link":"https:\/\/isp24-sfe.infd.edu.ar\/sitio\/normativas\/","title":{"rendered":"NORMATIVAS"},"content":{"rendered":"\n<p><strong><a href=\"https:\/\/drive.google.com\/file\/d\/1Nz6y4drOPnqh7T2W-xdPlThlTpVxCGRp\/view?usp=sharing\">REGLAMENTO ORG\u00c1NICO DE LOS INSTITUTOS SUPERIORES DE LA PROVINCIA DE SANTA FE <\/a><\/strong><\/p>\n\n\n\n<p><a href=\"https:\/\/drive.google.com\/file\/d\/1B0oy0zT9IwHvBXCXCqj6BbMEUSsRdjSy\/view?usp=sharing\"><strong>REGLAMENTO ACAD\u00c9MICO MARCO<\/strong><\/a><\/p>\n\n\n\n<p><a href=\"https:\/\/drive.google.com\/file\/d\/18Tc36lg2G1HlP4Tnlqp4YXU1qdfynyrJ\/view?usp=sharing\"><strong>REGLAMENTO DE PR\u00c1CTICA DOCENTE MARCO <\/strong><\/a><\/p>\n\n\n\n<p><\/p>\n","protected":false},"excerpt":{"rendered":"<p>REGLAMENTO ORG\u00c1NICO DE LOS INSTITUTOS SUPERIORES DE LA PROVINCIA DE SANTA FE REGLAMENTO ACAD\u00c9MICO MARCO REGLAMENTO DE PR\u00c1CTICA DOCENTE MARCO<\/p>\n","protected":false},"author":101,"featured_media":0,"parent":0,"menu_order":0,"comment_status":"closed","ping_status":"closed","template":"","meta":[],"acf":[],"_links":{"self":[{"href":"https:\/\/isp24-sfe.infd.edu.ar\/sitio\/wp-json\/wp\/v2\/pages\/912"}],"collection":[{"href":"https:\/\/isp24-sfe.infd.edu.ar\/sitio\/wp-json\/wp\/v2\/pages"}],"about":[{"href":"https:\/\/isp24-sfe.infd.edu.ar\/sitio\/wp-json\/wp\/v2\/types\/page"}],"author":[{"embeddable":true,"href":"https:\/\/isp24-sfe.infd.edu.ar\/sitio\/wp-json\/wp\/v2\/users\/101"}],"replies":[{"embeddable":true,"href":"https:\/\/isp24-sfe.infd.edu.ar\/sitio\/wp-json\/wp\/v2\/comments?post=912"}],"version-history":[{"count":2,"href":"https:\/\/isp24-sfe.infd.edu.ar\/sitio\/wp-json\/wp\/v2\/pages\/912\/revisions"}],"predecessor-version":[{"id":3125,"href":"https:\/\/isp24-sfe.infd.edu.ar\/sitio\/wp-json\/wp\/v2\/pages\/912\/revisions\/3125"}],"wp:attachment":[{"href":"https:\/\/isp24-sfe.infd.edu.ar\/sitio\/wp-json\/wp\/v2\/media?parent=912"}],"curies":[{"name":"wp","href":"https:\/\/api.w.org\/{rel}","templated":true}]}}